{"id":1866,"date":"2021-04-27T21:34:36","date_gmt":"2021-04-27T18:34:36","guid":{"rendered":"http:\/\/dev.avocatczp.md\/uslugi\/dreptul-penal\/"},"modified":"2021-04-29T17:49:49","modified_gmt":"2021-04-29T14:49:49","slug":"%d1%83%d0%b3%d0%be%d0%bb%d0%be%d0%b2%d0%bd%d0%be%d0%b5-%d0%bf%d1%80%d0%b0%d0%b2%d0%be","status":"publish","type":"page","link":"https:\/\/avocatczp.md\/ru\/%d1%83%d1%81%d0%bb%d1%83%d0%b3%d0%b8\/%d1%83%d0%b3%d0%be%d0%bb%d0%be%d0%b2%d0%bd%d0%be%d0%b5-%d0%bf%d1%80%d0%b0%d0%b2%d0%be\/","title":{"rendered":"\u0423\u0433\u043e\u043b\u043e\u0432\u043d\u043e\u0435 \u043f\u0440\u0430\u0432\u043e"},"content":{"rendered":"<p>[vc_row css=&#187;.vc_custom_1618841378472{padding-top: 80px !important;padding-right: 80px !important;padding-bottom: 80px !important;padding-left: 80px !important;}&#187; el_class=&#187;bg_bottom&#187;][vc_column][vc_column_text]<\/p>\n<h4>\u041c\u044b \u043f\u0440\u0435\u0434\u043b\u0430\u0433\u0430\u0435\u043c \u0443\u0441\u043b\u0443\u0433\u0438, \u0441\u0432\u044f\u0437\u0430\u043d\u043d\u044b\u0435 \u0441:<\/h4>\n<p>[\/vc_column_text][vc_empty_space height=&#187;35px&#187; el_class=&#187;hide_mobile&#187;][\/vc_column][vc_column width=&#187;5\/6&#8243;][vc_row_inner][vc_column_inner width=&#187;1\/2&#8243;]\n\t <div class=\"lists\">\n\t\t<div class=\"list-inner\">\n\t\t\t<div class=\"list-content list  \">\n\t\t\t\t\t\t\t\t\t<ol class=\"list-style list-style5\" style=\"font-size:; line-height:; color: #92959c\" start=\"\">\n\t\t\t\t\t\t\t\t\t\t\t\t\t<li>\u0410\u0440\u0435\u0441\u0442\/\u0437\u0430\u0434\u0435\u0440\u0436\u0430\u043d\u0438\u0435 \u043e\u0440\u0433\u0430\u043d\u0430\u043c\u0438 \u0443\u0433\u043e\u043b\u043e\u0432\u043d\u043e\u0433\u043e \u043f\u0440\u0435\u0441\u043b\u0435\u0434\u043e\u0432\u0430\u043d\u0438\u044f<\/li>\n\t\t\t\t\t\t\t\t\t\t\t\t\t<li>\u041e\u0431\u044b\u0441\u043a\u0438, \u0434\u043e\u043f\u0440\u043e\u0441\u044b, \u043f\u0440\u0438\u043c\u0435\u043d\u0435\u043d\u0438\u0435 \u0441\u043f\u0435\u0446\u0438\u0430\u043b\u044c\u043d\u044b\u0445 \u0440\u043e\u0437\u044b\u0441\u043a\u043d\u044b\u0445 \u043c\u0435\u0440\u043e\u043f\u0440\u0438\u044f\u0442\u0438\u0439<\/li>\n\t\t\t\t\t\t\t\t\t\t\t\t\t<li>\u0417\u0430\u0449\u0438\u0442\u0430 \u043f\u043e \u0443\u0433\u043e\u043b\u043e\u0432\u043d\u044b\u043c \u0434\u0435\u043b\u0430\u043c \u0432 \u043d\u0430\u0446\u0438\u043e\u043d\u0430\u043b\u044c\u043d\u044b\u0445 \u0441\u0443\u0434\u0430\u0445 (\u043f\u0435\u0440\u0432\u0430\u044f \u0438\u043d\u0441\u0442\u0430\u043d\u0446\u0438\u044f, \u0430\u043f\u0435\u043b\u043b\u044f\u0446\u0438\u043e\u043d\u043d\u0430\u044f \u043f\u0430\u043b\u0430\u0442\u0430, \u0412\u044b\u0441\u0448\u0430\u044f \u0421\u0443\u0434\u0435\u0431\u043d\u0430\u044f \u041f\u0430\u043b\u0430\u0442\u0430, \u0440\u0435\u0432\u0438\u0437\u0438\u043e\u043d\u043d\u044b\u0439 \u043f\u043e\u0440\u044f\u0434\u043e\u043a \u043e\u0431\u0436\u0430\u043b\u043e\u0432\u0430\u043d\u0438\u044f, \u0436\u0430\u043b\u043e\u0431\u0430 \u043d\u0430 \u043e\u0442\u043c\u0435\u043d\u0443)<\/li>\n\t\t\t\t\t\t\t\t\t\t\t\t\t<li>\u0418\u0441\u043f\u043e\u043b\u043d\u0435\u043d\u0438\u0435 \u0443\u0433\u043e\u043b\u043e\u0432\u043d\u044b\u0445 \u043d\u0430\u043a\u0430\u0437\u0430\u043d\u0438\u0439<\/li>\n\t\t\t\t\t\t\t\t\t\t\t<\/ol>\n\t\t\t\t\t\t\t<\/div>\n\t\t<\/div>\n\t<\/div>   \n    [\/vc_column_inner][vc_column_inner width=&#187;1\/2&#8243;]\n\t <div class=\"lists\">\n\t\t<div class=\"list-inner\">\n\t\t\t<div class=\"list-content list  \">\n\t\t\t\t\t\t\t\t\t<ol class=\"list-style list-style5\" style=\"font-size:; line-height:; color: #92959c\" start=\"5\">\n\t\t\t\t\t\t\t\t\t\t\t\t\t<li>\u041e\u0431\u0436\u0430\u043b\u043e\u0432\u0430\u043d\u0438\u0435 \u0432 \u0415\u0432\u0440\u043e\u043f\u0435\u0439\u0441\u043a\u0438\u0439 C\u0443\u0434 \u043f\u043e \u041f\u0440\u0430\u0432\u0430\u043c \u0427\u0435\u043b\u043e\u0432\u0435\u043a\u0430<\/li>\n\t\t\t\t\t\t\t\t\t\t\t\t\t<li>\u0417\u0430\u0449\u0438\u0442\u0430 \u0438\u043d\u0442\u0435\u0440\u0435\u0441\u043e\u0432 \u043f\u043e\u0442\u0435\u0440\u043f\u0435\u0432\u0448\u0438\u0445<\/li>\n\t\t\t\t\t\t\t\t\t\t\t\t\t<li>\u041e\u0431\u0436\u0430\u043b\u043e\u0432\u0430\u043d\u0438\u0435 \u043d\u0435\u0437\u0430\u043a\u043e\u043d\u043d\u044b\u0445 \u0434\u0435\u0439\u0441\u0442\u0432\u0438\u0439 \u043f\u0440\u043e\u043a\u0443\u0440\u0430\u0442\u0443\u0440\u044b \u0438 \u043e\u0440\u0433\u0430\u043d\u043e\u0432 \u0443\u0433\u043e\u043b\u043e\u0432\u043d\u043e\u0433\u043e \u043f\u0440\u0435\u0441\u043b\u0435\u0434\u043e\u0432\u0430\u043d\u0438\u044f<\/li>\n\t\t\t\t\t\t\t\t\t\t\t<\/ol>\n\t\t\t\t\t\t\t<\/div>\n\t\t<\/div>\n\t<\/div>   \n    [\/vc_column_inner][\/vc_row_inner][\/vc_column][vc_column width=&#187;1\/6&#8243;][\/vc_column][\/vc_row][vc_row full_width=&#187;stretch_row_content_no_spaces&#187; css=&#187;.vc_custom_1617554316655{background-color: #f3f6f7 !important;}&#187; el_class=&#187;tablet_column_full&#187;][vc_column width=&#187;1\/2&#8243; el_class=&#187;container-border&#187; css=&#187;.vc_custom_1618324903030{padding-top: 60px !important;padding-right: 17% !important;padding-bottom: 30px !important;padding-left: 17% !important;}&#187;][vc_column_text]<\/p>\n<h2>\u041e\u0421\u0422\u0410\u0412\u042c\u0422\u0415 \u0412\u041e\u041f\u0420\u041e\u0421<\/h2>\n<div class=\"wpb_text_column wpb_content_element \">\n<div class=\"wpb_wrapper\">\n<div class=\"wpb_text_column wpb_content_element \">\n<div class=\"wpb_wrapper\">\n<p>\u041d\u0435 \u0441\u0442\u0435\u0441\u043d\u044f\u0439\u0442\u0435\u0441\u044c \u043e\u0431\u0440\u0430\u0449\u0430\u0442\u044c\u0441\u044f \u043a \u043d\u0430\u043c \u0441 \u043b\u044e\u0431\u044b\u043c\u0438 \u0432\u043e\u043f\u0440\u043e\u0441\u0430\u043c\u0438, \u0438 \u043e\u0434\u0438\u043d \u0438\u0437 \u043d\u0430\u0448\u0438\u0445 \u043a\u043e\u043b\u043b\u0435\u0433 \u0441\u0432\u044f\u0436\u0435\u0442\u0441\u044f \u0441 \u0432\u0430\u043c\u0438 \u0432 \u0431\u043b\u0438\u0436\u0430\u0439\u0448\u0435\u0435 \u0432\u0440\u0435\u043c\u044f, \u043c\u044b \u0437\u0434\u0435\u0441\u044c, \u0447\u0442\u043e\u0431\u044b \u043f\u043e\u043c\u043e\u0447\u044c!<\/p>\n<\/div>\n<\/div>\n<\/div>\n<\/div>\n<p>[\/vc_column_text]\n<div class=\"wpcf7 no-js\" id=\"wpcf7-f1698-o1\" lang=\"en-US\" dir=\"ltr\" data-wpcf7-id=\"1698\">\n<div class=\"screen-reader-response\"><p role=\"status\" aria-live=\"polite\" aria-atomic=\"true\"><\/p> <ul><\/ul><\/div>\n<form action=\"\/ru\/wp-json\/wp\/v2\/pages\/1866#wpcf7-f1698-o1\" method=\"post\" class=\"wpcf7-form init\" aria-label=\"Contact form\" novalidate=\"novalidate\" data-status=\"init\">\n<fieldset class=\"hidden-fields-container\"><input type=\"hidden\" name=\"_wpcf7\" value=\"1698\" \/><input type=\"hidden\" name=\"_wpcf7_version\" value=\"6.1.5\" \/><input type=\"hidden\" name=\"_wpcf7_locale\" value=\"en_US\" \/><input type=\"hidden\" name=\"_wpcf7_unit_tag\" value=\"wpcf7-f1698-o1\" \/><input type=\"hidden\" name=\"_wpcf7_container_post\" value=\"0\" \/><input type=\"hidden\" name=\"_wpcf7_posted_data_hash\" value=\"\" \/>\n<\/fieldset>\n<div class=\"row\">\n\t<div class=\"col-sm-6 input no-margin-bottom\">\n\t\t<p><span class=\"wpcf7-form-control-wrap\" data-name=\"your-name\"><input size=\"40\" maxlength=\"400\" class=\"wpcf7-form-control wpcf7-text wpcf7-validates-as-required input_field_line\" aria-required=\"true\" aria-invalid=\"false\" placeholder=\"\u0418\u043c\u044f *\" value=\"\" type=\"text\" name=\"your-name\" \/><\/span>\n\t\t<\/p>\n\t<\/div>\n\t<div class=\"col-sm-6 input no-margin-bottom\">\n\t\t<p><span class=\"wpcf7-form-control-wrap\" data-name=\"your-email\"><input size=\"40\" maxlength=\"400\" class=\"wpcf7-form-control wpcf7-email wpcf7-validates-as-required wpcf7-text wpcf7-validates-as-email input_field_line\" aria-required=\"true\" aria-invalid=\"false\" placeholder=\"Email *\" value=\"\" type=\"email\" name=\"your-email\" \/><\/span>\n\t\t<\/p>\n\t<\/div>\n<\/div>\n<div class=\"row\">\n\t<div class=\"col-sm-6 input no-margin-bottom\">\n\t\t<p><span class=\"wpcf7-form-control-wrap\" data-name=\"your-subject\"><input size=\"40\" maxlength=\"400\" class=\"wpcf7-form-control wpcf7-text input_field_line\" aria-invalid=\"false\" placeholder=\"\u0422\u0435\u043c\u0430\" value=\"\" type=\"text\" name=\"your-subject\" \/><\/span>\n\t\t<\/p>\n\t<\/div>\n\t<div class=\"col-sm-6 input no-margin-bottom\">\n\t\t<p><span class=\"wpcf7-form-control-wrap\" data-name=\"your-phone\"><input size=\"40\" maxlength=\"400\" class=\"wpcf7-form-control wpcf7-text input_field_line\" aria-invalid=\"false\" placeholder=\"\u0422\u0435\u043b\u0435\u0444\u043e\u043d\" value=\"\" type=\"text\" name=\"your-phone\" \/><\/span>\n\t\t<\/p>\n\t<\/div>\n<\/div>\n<div class=\"row\">\n\t<div class=\"col-sm-12 input sm-margin-bottom\">\n\t\t<p><span class=\"wpcf7-form-control-wrap\" data-name=\"your-message\"><textarea cols=\"40\" rows=\"4\" maxlength=\"2000\" class=\"wpcf7-form-control wpcf7-textarea input_field_line\" id=\"your-message\" aria-invalid=\"false\" placeholder=\"\u0421\u043e\u043e\u0431\u0449\u0435\u043d\u0438\u0435\" name=\"your-message\"><\/textarea><\/span>\n\t\t<\/p>\n\t<\/div>\n<\/div>\n<div class=\"row\">\n\t<div class=\"col-sm-12\">\n\t\t<p><input class=\"wpcf7-form-control wpcf7-submit has-spinner button bg_primary radius0 hover_gradient\" type=\"submit\" value=\"\u041e\u0442\u043f\u0440\u0430\u0432\u0438\u0442\u044c\" \/>\n\t\t<\/p>\n\t<\/div>\n<\/div><div class=\"wpcf7-response-output\" aria-hidden=\"true\"><\/div>\n<\/form>\n<\/div>\n[\/vc_column][vc_column width=&#187;1\/2&#8243; css=&#187;.vc_custom_1618324847473{padding-top: 319px !important;padding-bottom: 319px !important;background-image: url(http:\/\/motivoweb.com\/ruya\/demo\/wp-content\/uploads\/2019\/10\/service-law3.jpg?id=419) !important;background-position: center !important;background-repeat: no-repeat !important;background-size: cover !important;}&#187; el_class=&#187;hide_mobile&#187;][\/vc_column][\/vc_row]<\/p>\n","protected":false},"excerpt":{"rendered":"<p>[vc_row css=&#187;.vc_custom_1618841378472{padding-top: 80px !important;padding-right: 80px !important;padding-bottom: 80px !important;padding-left: 80px !important;}&#187; el_class=&#187;bg_bottom&#187;][vc_column][vc_column_text] \u041c\u044b \u043f\u0440\u0435\u0434\u043b\u0430\u0433\u0430\u0435\u043c \u0443\u0441\u043b\u0443\u0433\u0438, \u0441\u0432\u044f\u0437\u0430\u043d\u043d\u044b\u0435 \u0441: [\/vc_column_text][vc_empty_space height=&#187;35px&#187; el_class=&#187;hide_mobile&#187;][\/vc_column][vc_column width=&#187;5\/6&#8243;][vc_row_inner][vc_column_inner width=&#187;1\/2&#8243;][\/vc_column_inner][vc_column_inner width=&#187;1\/2&#8243;][\/vc_column_inner][\/vc_row_inner][\/vc_column][vc_column width=&#187;1\/6&#8243;][\/vc_column][\/vc_row][vc_row full_width=&#187;stretch_row_content_no_spaces&#187; css=&#187;.vc_custom_1617554316655{background-color: #f3f6f7 !important;}&#187; el_class=&#187;tablet_column_full&#187;][vc_column width=&#187;1\/2&#8243; el_class=&#187;container-border&#187; css=&#187;.vc_custom_1618324903030{padding-top: 60px !important;padding-right: 17% !important;padding-bottom: 30px !important;padding-left: 17% !important;}&#187;][vc_column_text] \u041e\u0421\u0422\u0410\u0412\u042c\u0422\u0415 \u0412\u041e\u041f\u0420\u041e\u0421 \u041d\u0435 \u0441\u0442\u0435\u0441\u043d\u044f\u0439\u0442\u0435\u0441\u044c \u043e\u0431\u0440\u0430\u0449\u0430\u0442\u044c\u0441\u044f \u043a \u043d\u0430\u043c \u0441 \u043b\u044e\u0431\u044b\u043c\u0438 \u0432\u043e\u043f\u0440\u043e\u0441\u0430\u043c\u0438, \u0438 \u043e\u0434\u0438\u043d \u0438\u0437 \u043d\u0430\u0448\u0438\u0445 \u043a\u043e\u043b\u043b\u0435\u0433 \u0441\u0432\u044f\u0436\u0435\u0442\u0441\u044f [&hellip;]<\/p>\n","protected":false},"author":2,"featured_media":0,"parent":1790,"menu_order":0,"comment_status":"closed","ping_status":"closed","template":"","meta":{"_acf_changed":false,"footnotes":""},"class_list":["post-1866","page","type-page","status-publish","hentry"],"acf":[],"yoast_head":"<!-- This site is optimized with the Yoast SEO plugin v27.4 - https:\/\/yoast.com\/product\/yoast-seo-wordpress\/ -->\n<title>\u0423\u0433\u043e\u043b\u043e\u0432\u043d\u043e\u0435 \u043f\u0440\u0430\u0432\u043e - Ceachir, Zamfir &amp; Partenerii<\/title>\n<meta name=\"description\" content=\"arestul\/re\u021binerea de c\u0103tre organele de urm\u0103rire penal\u0103\uf0b7 perchezi\u021bii, audieri, aplicarea m\u0103surilor speciale de investiga\u021bie\uf0b7 dosarele penale \u00een instan\u021bele na\u021bionale (fond, apel, recurs, recurs \u00een interesul legii,revizuire)\uf0b7 executarea pedepselor penale\uf0b7 pl\u00e2ngeri la Curtea European\u0103 pentru Drepturile Omului\uf0b7 protec\u021bia victimelor infrac\u021biunii\uf0b7 pl\u00e2ngeri \u00eempotriva ac\u021biunilor ilegale ale organului de urm\u0103rire penal\u0103 \u0219i a procurorului\" \/>\n<meta name=\"robots\" content=\"index, follow, max-snippet:-1, max-image-preview:large, max-video-preview:-1\" \/>\n<link rel=\"canonical\" href=\"https:\/\/avocatczp.md\/ru\/\u0443\u0441\u043b\u0443\u0433\u0438\/\u0443\u0433\u043e\u043b\u043e\u0432\u043d\u043e\u0435-\u043f\u0440\u0430\u0432\u043e\/\" \/>\n<meta property=\"og:locale\" content=\"ru_RU\" \/>\n<meta property=\"og:type\" content=\"article\" \/>\n<meta property=\"og:title\" content=\"\u0423\u0433\u043e\u043b\u043e\u0432\u043d\u043e\u0435 \u043f\u0440\u0430\u0432\u043e - Ceachir, Zamfir &amp; Partenerii\" \/>\n<meta property=\"og:description\" content=\"arestul\/re\u021binerea de c\u0103tre organele de urm\u0103rire penal\u0103\uf0b7 perchezi\u021bii, audieri, aplicarea m\u0103surilor speciale de investiga\u021bie\uf0b7 dosarele penale \u00een instan\u021bele na\u021bionale (fond, apel, recurs, recurs \u00een interesul legii,revizuire)\uf0b7 executarea pedepselor penale\uf0b7 pl\u00e2ngeri la Curtea European\u0103 pentru Drepturile Omului\uf0b7 protec\u021bia victimelor infrac\u021biunii\uf0b7 pl\u00e2ngeri \u00eempotriva ac\u021biunilor ilegale ale organului de urm\u0103rire penal\u0103 \u0219i a procurorului\" \/>\n<meta property=\"og:url\" content=\"https:\/\/avocatczp.md\/ru\/\u0443\u0441\u043b\u0443\u0433\u0438\/\u0443\u0433\u043e\u043b\u043e\u0432\u043d\u043e\u0435-\u043f\u0440\u0430\u0432\u043e\/\" \/>\n<meta property=\"og:site_name\" content=\"Ceachir, Zamfir &amp; Partenerii\" \/>\n<meta property=\"article:modified_time\" content=\"2021-04-29T14:49:49+00:00\" \/>\n<meta property=\"og:image\" content=\"https:\/\/avocatczp.md\/wp-content\/uploads\/2021\/06\/screen-fb-1024x655.png\" \/>\n\t<meta property=\"og:image:width\" content=\"1024\" \/>\n\t<meta property=\"og:image:height\" content=\"655\" \/>\n\t<meta property=\"og:image:type\" content=\"image\/png\" \/>\n<meta name=\"twitter:card\" content=\"summary_large_image\" \/>\n<meta name=\"twitter:label1\" content=\"\u041f\u0440\u0438\u043c\u0435\u0440\u043d\u043e\u0435 \u0432\u0440\u0435\u043c\u044f \u0434\u043b\u044f \u0447\u0442\u0435\u043d\u0438\u044f\" \/>\n\t<meta name=\"twitter:data1\" content=\"1 \u043c\u0438\u043d\u0443\u0442\u0430\" \/>\n<script type=\"application\/ld+json\" class=\"yoast-schema-graph\">{\"@context\":\"https:\\\/\\\/schema.org\",\"@graph\":[{\"@type\":\"WebPage\",\"@id\":\"https:\\\/\\\/avocatczp.md\\\/ru\\\/%d1%83%d1%81%d0%bb%d1%83%d0%b3%d0%b8\\\/%d1%83%d0%b3%d0%be%d0%bb%d0%be%d0%b2%d0%bd%d0%be%d0%b5-%d0%bf%d1%80%d0%b0%d0%b2%d0%be\\\/\",\"url\":\"https:\\\/\\\/avocatczp.md\\\/ru\\\/%d1%83%d1%81%d0%bb%d1%83%d0%b3%d0%b8\\\/%d1%83%d0%b3%d0%be%d0%bb%d0%be%d0%b2%d0%bd%d0%be%d0%b5-%d0%bf%d1%80%d0%b0%d0%b2%d0%be\\\/\",\"name\":\"\u0423\u0433\u043e\u043b\u043e\u0432\u043d\u043e\u0435 \u043f\u0440\u0430\u0432\u043e - Ceachir, Zamfir &amp; Partenerii\",\"isPartOf\":{\"@id\":\"https:\\\/\\\/avocatczp.md\\\/ru\\\/#website\"},\"datePublished\":\"2021-04-27T18:34:36+00:00\",\"dateModified\":\"2021-04-29T14:49:49+00:00\",\"description\":\"arestul\\\/re\u021binerea de c\u0103tre organele de urm\u0103rire penal\u0103\uf0b7 perchezi\u021bii, audieri, aplicarea m\u0103surilor speciale de investiga\u021bie\uf0b7 dosarele penale \u00een instan\u021bele na\u021bionale (fond, apel, recurs, recurs \u00een interesul legii,revizuire)\uf0b7 executarea pedepselor penale\uf0b7 pl\u00e2ngeri la Curtea European\u0103 pentru Drepturile Omului\uf0b7 protec\u021bia victimelor infrac\u021biunii\uf0b7 pl\u00e2ngeri \u00eempotriva ac\u021biunilor ilegale ale organului de urm\u0103rire penal\u0103 \u0219i a procurorului\",\"breadcrumb\":{\"@id\":\"https:\\\/\\\/avocatczp.md\\\/ru\\\/%d1%83%d1%81%d0%bb%d1%83%d0%b3%d0%b8\\\/%d1%83%d0%b3%d0%be%d0%bb%d0%be%d0%b2%d0%bd%d0%be%d0%b5-%d0%bf%d1%80%d0%b0%d0%b2%d0%be\\\/#breadcrumb\"},\"inLanguage\":\"ru-RU\",\"potentialAction\":[{\"@type\":\"ReadAction\",\"target\":[\"https:\\\/\\\/avocatczp.md\\\/ru\\\/%d1%83%d1%81%d0%bb%d1%83%d0%b3%d0%b8\\\/%d1%83%d0%b3%d0%be%d0%bb%d0%be%d0%b2%d0%bd%d0%be%d0%b5-%d0%bf%d1%80%d0%b0%d0%b2%d0%be\\\/\"]}]},{\"@type\":\"BreadcrumbList\",\"@id\":\"https:\\\/\\\/avocatczp.md\\\/ru\\\/%d1%83%d1%81%d0%bb%d1%83%d0%b3%d0%b8\\\/%d1%83%d0%b3%d0%be%d0%bb%d0%be%d0%b2%d0%bd%d0%be%d0%b5-%d0%bf%d1%80%d0%b0%d0%b2%d0%be\\\/#breadcrumb\",\"itemListElement\":[{\"@type\":\"ListItem\",\"position\":1,\"name\":\"Prima pagin\u0103\",\"item\":\"https:\\\/\\\/avocatczp.md\\\/ru\\\/\"},{\"@type\":\"ListItem\",\"position\":2,\"name\":\"\u0423\u0441\u043b\u0443\u0433\u0438\",\"item\":\"https:\\\/\\\/avocatczp.md\\\/ru\\\/%d1%83%d1%81%d0%bb%d1%83%d0%b3%d0%b8\\\/\"},{\"@type\":\"ListItem\",\"position\":3,\"name\":\"\u0423\u0433\u043e\u043b\u043e\u0432\u043d\u043e\u0435 \u043f\u0440\u0430\u0432\u043e\"}]},{\"@type\":\"WebSite\",\"@id\":\"https:\\\/\\\/avocatczp.md\\\/ru\\\/#website\",\"url\":\"https:\\\/\\\/avocatczp.md\\\/ru\\\/\",\"name\":\"Ceachir, Zamfir &amp; Partenerii\",\"description\":\"BIROUL ASOCIAT DE AVOCA\u021aI\",\"potentialAction\":[{\"@type\":\"SearchAction\",\"target\":{\"@type\":\"EntryPoint\",\"urlTemplate\":\"https:\\\/\\\/avocatczp.md\\\/ru\\\/?s={search_term_string}\"},\"query-input\":{\"@type\":\"PropertyValueSpecification\",\"valueRequired\":true,\"valueName\":\"search_term_string\"}}],\"inLanguage\":\"ru-RU\"}]}<\/script>\n<!-- \/ Yoast SEO plugin. -->","yoast_head_json":{"title":"\u0423\u0433\u043e\u043b\u043e\u0432\u043d\u043e\u0435 \u043f\u0440\u0430\u0432\u043e - Ceachir, Zamfir &amp; Partenerii","description":"arestul\/re\u021binerea de c\u0103tre organele de urm\u0103rire penal\u0103\uf0b7 perchezi\u021bii, audieri, aplicarea m\u0103surilor speciale de investiga\u021bie\uf0b7 dosarele penale \u00een instan\u021bele na\u021bionale (fond, apel, recurs, recurs \u00een interesul legii,revizuire)\uf0b7 executarea pedepselor penale\uf0b7 pl\u00e2ngeri la Curtea European\u0103 pentru Drepturile Omului\uf0b7 protec\u021bia victimelor infrac\u021biunii\uf0b7 pl\u00e2ngeri \u00eempotriva ac\u021biunilor ilegale ale organului de urm\u0103rire penal\u0103 \u0219i a procurorului","robots":{"index":"index","follow":"follow","max-snippet":"max-snippet:-1","max-image-preview":"max-image-preview:large","max-video-preview":"max-video-preview:-1"},"canonical":"https:\/\/avocatczp.md\/ru\/\u0443\u0441\u043b\u0443\u0433\u0438\/\u0443\u0433\u043e\u043b\u043e\u0432\u043d\u043e\u0435-\u043f\u0440\u0430\u0432\u043e\/","og_locale":"ru_RU","og_type":"article","og_title":"\u0423\u0433\u043e\u043b\u043e\u0432\u043d\u043e\u0435 \u043f\u0440\u0430\u0432\u043e - Ceachir, Zamfir &amp; Partenerii","og_description":"arestul\/re\u021binerea de c\u0103tre organele de urm\u0103rire penal\u0103\uf0b7 perchezi\u021bii, audieri, aplicarea m\u0103surilor speciale de investiga\u021bie\uf0b7 dosarele penale \u00een instan\u021bele na\u021bionale (fond, apel, recurs, recurs \u00een interesul legii,revizuire)\uf0b7 executarea pedepselor penale\uf0b7 pl\u00e2ngeri la Curtea European\u0103 pentru Drepturile Omului\uf0b7 protec\u021bia victimelor infrac\u021biunii\uf0b7 pl\u00e2ngeri \u00eempotriva ac\u021biunilor ilegale ale organului de urm\u0103rire penal\u0103 \u0219i a procurorului","og_url":"https:\/\/avocatczp.md\/ru\/\u0443\u0441\u043b\u0443\u0433\u0438\/\u0443\u0433\u043e\u043b\u043e\u0432\u043d\u043e\u0435-\u043f\u0440\u0430\u0432\u043e\/","og_site_name":"Ceachir, Zamfir &amp; Partenerii","article_modified_time":"2021-04-29T14:49:49+00:00","og_image":[{"width":1024,"height":655,"url":"https:\/\/avocatczp.md\/wp-content\/uploads\/2021\/06\/screen-fb-1024x655.png","type":"image\/png"}],"twitter_card":"summary_large_image","twitter_misc":{"\u041f\u0440\u0438\u043c\u0435\u0440\u043d\u043e\u0435 \u0432\u0440\u0435\u043c\u044f \u0434\u043b\u044f \u0447\u0442\u0435\u043d\u0438\u044f":"1 \u043c\u0438\u043d\u0443\u0442\u0430"},"schema":{"@context":"https:\/\/schema.org","@graph":[{"@type":"WebPage","@id":"https:\/\/avocatczp.md\/ru\/%d1%83%d1%81%d0%bb%d1%83%d0%b3%d0%b8\/%d1%83%d0%b3%d0%be%d0%bb%d0%be%d0%b2%d0%bd%d0%be%d0%b5-%d0%bf%d1%80%d0%b0%d0%b2%d0%be\/","url":"https:\/\/avocatczp.md\/ru\/%d1%83%d1%81%d0%bb%d1%83%d0%b3%d0%b8\/%d1%83%d0%b3%d0%be%d0%bb%d0%be%d0%b2%d0%bd%d0%be%d0%b5-%d0%bf%d1%80%d0%b0%d0%b2%d0%be\/","name":"\u0423\u0433\u043e\u043b\u043e\u0432\u043d\u043e\u0435 \u043f\u0440\u0430\u0432\u043e - Ceachir, Zamfir &amp; Partenerii","isPartOf":{"@id":"https:\/\/avocatczp.md\/ru\/#website"},"datePublished":"2021-04-27T18:34:36+00:00","dateModified":"2021-04-29T14:49:49+00:00","description":"arestul\/re\u021binerea de c\u0103tre organele de urm\u0103rire penal\u0103\uf0b7 perchezi\u021bii, audieri, aplicarea m\u0103surilor speciale de investiga\u021bie\uf0b7 dosarele penale \u00een instan\u021bele na\u021bionale (fond, apel, recurs, recurs \u00een interesul legii,revizuire)\uf0b7 executarea pedepselor penale\uf0b7 pl\u00e2ngeri la Curtea European\u0103 pentru Drepturile Omului\uf0b7 protec\u021bia victimelor infrac\u021biunii\uf0b7 pl\u00e2ngeri \u00eempotriva ac\u021biunilor ilegale ale organului de urm\u0103rire penal\u0103 \u0219i a procurorului","breadcrumb":{"@id":"https:\/\/avocatczp.md\/ru\/%d1%83%d1%81%d0%bb%d1%83%d0%b3%d0%b8\/%d1%83%d0%b3%d0%be%d0%bb%d0%be%d0%b2%d0%bd%d0%be%d0%b5-%d0%bf%d1%80%d0%b0%d0%b2%d0%be\/#breadcrumb"},"inLanguage":"ru-RU","potentialAction":[{"@type":"ReadAction","target":["https:\/\/avocatczp.md\/ru\/%d1%83%d1%81%d0%bb%d1%83%d0%b3%d0%b8\/%d1%83%d0%b3%d0%be%d0%bb%d0%be%d0%b2%d0%bd%d0%be%d0%b5-%d0%bf%d1%80%d0%b0%d0%b2%d0%be\/"]}]},{"@type":"BreadcrumbList","@id":"https:\/\/avocatczp.md\/ru\/%d1%83%d1%81%d0%bb%d1%83%d0%b3%d0%b8\/%d1%83%d0%b3%d0%be%d0%bb%d0%be%d0%b2%d0%bd%d0%be%d0%b5-%d0%bf%d1%80%d0%b0%d0%b2%d0%be\/#breadcrumb","itemListElement":[{"@type":"ListItem","position":1,"name":"Prima pagin\u0103","item":"https:\/\/avocatczp.md\/ru\/"},{"@type":"ListItem","position":2,"name":"\u0423\u0441\u043b\u0443\u0433\u0438","item":"https:\/\/avocatczp.md\/ru\/%d1%83%d1%81%d0%bb%d1%83%d0%b3%d0%b8\/"},{"@type":"ListItem","position":3,"name":"\u0423\u0433\u043e\u043b\u043e\u0432\u043d\u043e\u0435 \u043f\u0440\u0430\u0432\u043e"}]},{"@type":"WebSite","@id":"https:\/\/avocatczp.md\/ru\/#website","url":"https:\/\/avocatczp.md\/ru\/","name":"Ceachir, Zamfir &amp; Partenerii","description":"BIROUL ASOCIAT DE AVOCA\u021aI","potentialAction":[{"@type":"SearchAction","target":{"@type":"EntryPoint","urlTemplate":"https:\/\/avocatczp.md\/ru\/?s={search_term_string}"},"query-input":{"@type":"PropertyValueSpecification","valueRequired":true,"valueName":"search_term_string"}}],"inLanguage":"ru-RU"}]}},"_links":{"self":[{"href":"https:\/\/avocatczp.md\/ru\/wp-json\/wp\/v2\/pages\/1866","targetHints":{"allow":["GET"]}}],"collection":[{"href":"https:\/\/avocatczp.md\/ru\/wp-json\/wp\/v2\/pages"}],"about":[{"href":"https:\/\/avocatczp.md\/ru\/wp-json\/wp\/v2\/types\/page"}],"author":[{"embeddable":true,"href":"https:\/\/avocatczp.md\/ru\/wp-json\/wp\/v2\/users\/2"}],"replies":[{"embeddable":true,"href":"https:\/\/avocatczp.md\/ru\/wp-json\/wp\/v2\/comments?post=1866"}],"version-history":[{"count":2,"href":"https:\/\/avocatczp.md\/ru\/wp-json\/wp\/v2\/pages\/1866\/revisions"}],"predecessor-version":[{"id":1870,"href":"https:\/\/avocatczp.md\/ru\/wp-json\/wp\/v2\/pages\/1866\/revisions\/1870"}],"up":[{"embeddable":true,"href":"https:\/\/avocatczp.md\/ru\/wp-json\/wp\/v2\/pages\/1790"}],"wp:attachment":[{"href":"https:\/\/avocatczp.md\/ru\/wp-json\/wp\/v2\/media?parent=1866"}],"curies":[{"name":"wp","href":"https:\/\/api.w.org\/{rel}","templated":true}]}}