{"id":1886,"date":"2021-04-27T21:48:42","date_gmt":"2021-04-27T18:48:42","guid":{"rendered":"http:\/\/dev.avocatczp.md\/services\/dreptul-corporativ\/"},"modified":"2021-04-29T18:52:49","modified_gmt":"2021-04-29T15:52:49","slug":"corporate-law","status":"publish","type":"page","link":"https:\/\/avocatczp.md\/en\/services\/corporate-law\/","title":{"rendered":"Corporate law"},"content":{"rendered":"<p>[vc_row css=&#8221;.vc_custom_1618841378472{padding-top: 80px !important;padding-right: 80px !important;padding-bottom: 80px !important;padding-left: 80px !important;}&#8221; el_class=&#8221;bg_bottom&#8221;][vc_column][vc_column_text]<\/p>\n<h4>Oferim servicii in leg\u0103tur\u0103 cu:<\/h4>\n<p>[\/vc_column_text][vc_empty_space height=&#8221;35px&#8221; el_class=&#8221;hide_mobile&#8221;][\/vc_column][vc_column width=&#8221;5\/6&#8243;][vc_row_inner][vc_column_inner]\n\t <div class=\"lists\">\n\t\t<div class=\"list-inner\">\n\t\t\t<div class=\"list-content list  \">\n\t\t\t\t\t\t\t\t\t<ol class=\"list-style list-style5\" style=\"font-size:; line-height:; color: #92959c\" start=\"\">\n\t\t\t\t\t\t\t\t\t\t\t\t\t<li>Establishment of the legal entity; disolution and winding-up of the legal entity; annulment of the acts of the representative and executive bodies of public limited liability companies, distribution of shares, exclusion of members; repairing the damage caused by the administrator<\/li>\n\t\t\t\t\t\t\t\t\t\t\t<\/ol>\n\t\t\t\t\t\t\t<\/div>\n\t\t<\/div>\n\t<\/div>   \n    [\/vc_column_inner][\/vc_row_inner][\/vc_column][vc_column width=&#8221;1\/6&#8243;][\/vc_column][\/vc_row][vc_row full_width=&#8221;stretch_row_content_no_spaces&#8221; css=&#8221;.vc_custom_1617554316655{background-color: #f3f6f7 !important;}&#8221; el_class=&#8221;tablet_column_full&#8221;][vc_column width=&#8221;1\/2&#8243; el_class=&#8221;container-border&#8221; css=&#8221;.vc_custom_1618324903030{padding-top: 60px !important;padding-right: 17% !important;padding-bottom: 30px !important;padding-left: 17% !important;}&#8221;][vc_column_text]<\/p>\n<h2>CONTACT US<\/h2>\n<div class=\"wpb_text_column wpb_content_element \">\n<div class=\"wpb_wrapper\">\n<p>Feel free to contact us with any questions and one of our colleagues will contact you as soon as possible, we are here to help!<\/p>\n<\/div>\n<\/div>\n<p>[\/vc_column_text]\n<div class=\"wpcf7 no-js\" id=\"wpcf7-f189-o1\" lang=\"en-US\" dir=\"ltr\" data-wpcf7-id=\"189\">\n<div class=\"screen-reader-response\"><p role=\"status\" aria-live=\"polite\" aria-atomic=\"true\"><\/p> <ul><\/ul><\/div>\n<form action=\"\/en\/wp-json\/wp\/v2\/pages\/1886#wpcf7-f189-o1\" method=\"post\" class=\"wpcf7-form init\" aria-label=\"Contact form\" novalidate=\"novalidate\" data-status=\"init\">\n<fieldset class=\"hidden-fields-container\"><input type=\"hidden\" name=\"_wpcf7\" value=\"189\" \/><input type=\"hidden\" name=\"_wpcf7_version\" value=\"6.1.5\" \/><input type=\"hidden\" name=\"_wpcf7_locale\" value=\"en_US\" \/><input type=\"hidden\" name=\"_wpcf7_unit_tag\" value=\"wpcf7-f189-o1\" \/><input type=\"hidden\" name=\"_wpcf7_container_post\" value=\"0\" \/><input type=\"hidden\" name=\"_wpcf7_posted_data_hash\" value=\"\" \/>\n<\/fieldset>\n<div class=\"row\">\n\t<div class=\"col-sm-6 input no-margin-bottom\">\n\t\t<p><span class=\"wpcf7-form-control-wrap\" data-name=\"your-name\"><input size=\"40\" maxlength=\"400\" class=\"wpcf7-form-control wpcf7-text wpcf7-validates-as-required input_field_line\" aria-required=\"true\" aria-invalid=\"false\" placeholder=\"Nume *\" value=\"\" type=\"text\" name=\"your-name\" \/><\/span>\n\t\t<\/p>\n\t<\/div>\n\t<div class=\"col-sm-6 input no-margin-bottom\">\n\t\t<p><span class=\"wpcf7-form-control-wrap\" data-name=\"your-email\"><input size=\"40\" maxlength=\"400\" class=\"wpcf7-form-control wpcf7-email wpcf7-validates-as-required wpcf7-text wpcf7-validates-as-email input_field_line\" aria-required=\"true\" aria-invalid=\"false\" placeholder=\"Email *\" value=\"\" type=\"email\" name=\"your-email\" \/><\/span>\n\t\t<\/p>\n\t<\/div>\n<\/div>\n<div class=\"row\">\n\t<div class=\"col-sm-6 input no-margin-bottom\">\n\t\t<p><span class=\"wpcf7-form-control-wrap\" data-name=\"your-subject\"><input size=\"40\" maxlength=\"400\" class=\"wpcf7-form-control wpcf7-text input_field_line\" aria-invalid=\"false\" placeholder=\"Subiect\" value=\"\" type=\"text\" name=\"your-subject\" \/><\/span>\n\t\t<\/p>\n\t<\/div>\n\t<div class=\"col-sm-6 input no-margin-bottom\">\n\t\t<p><span class=\"wpcf7-form-control-wrap\" data-name=\"your-phone\"><input size=\"40\" maxlength=\"400\" class=\"wpcf7-form-control wpcf7-text input_field_line\" aria-invalid=\"false\" placeholder=\"Telefon\" value=\"\" type=\"text\" name=\"your-phone\" \/><\/span>\n\t\t<\/p>\n\t<\/div>\n<\/div>\n<div class=\"row\">\n\t<div class=\"col-sm-12 input sm-margin-bottom\">\n\t\t<p><span class=\"wpcf7-form-control-wrap\" data-name=\"your-message\"><textarea cols=\"40\" rows=\"4\" maxlength=\"2000\" class=\"wpcf7-form-control wpcf7-textarea input_field_line\" id=\"your-message\" aria-invalid=\"false\" placeholder=\"Mesaj\" name=\"your-message\"><\/textarea><\/span>\n\t\t<\/p>\n\t<\/div>\n<\/div>\n<div class=\"row\">\n\t<div class=\"col-sm-12\">\n\t\t<p><input class=\"wpcf7-form-control wpcf7-submit has-spinner button bg_primary radius0 hover_gradient\" type=\"submit\" value=\"Trimite Mesaj\" \/>\n\t\t<\/p>\n\t<\/div>\n<\/div><div class=\"wpcf7-response-output\" aria-hidden=\"true\"><\/div>\n<\/form>\n<\/div>\n[\/vc_column][vc_column width=&#8221;1\/2&#8243; css=&#8221;.vc_custom_1618324847473{padding-top: 319px !important;padding-bottom: 319px !important;background-image: url(http:\/\/motivoweb.com\/ruya\/demo\/wp-content\/uploads\/2019\/10\/service-law3.jpg?id=419) !important;background-position: center !important;background-repeat: no-repeat !important;background-size: cover !important;}&#8221; el_class=&#8221;hide_mobile&#8221;][\/vc_column][\/vc_row]<\/p>\n","protected":false},"excerpt":{"rendered":"<p>[vc_row css=&#8221;.vc_custom_1618841378472{padding-top: 80px !important;padding-right: 80px !important;padding-bottom: 80px !important;padding-left: 80px !important;}&#8221; el_class=&#8221;bg_bottom&#8221;][vc_column][vc_column_text] Oferim servicii in leg\u0103tur\u0103 cu: [\/vc_column_text][vc_empty_space height=&#8221;35px&#8221; el_class=&#8221;hide_mobile&#8221;][\/vc_column][vc_column width=&#8221;5\/6&#8243;][vc_row_inner][vc_column_inner][\/vc_column_inner][\/vc_row_inner][\/vc_column][vc_column width=&#8221;1\/6&#8243;][\/vc_column][\/vc_row][vc_row full_width=&#8221;stretch_row_content_no_spaces&#8221; css=&#8221;.vc_custom_1617554316655{background-color: #f3f6f7 !important;}&#8221; el_class=&#8221;tablet_column_full&#8221;][vc_column width=&#8221;1\/2&#8243; el_class=&#8221;container-border&#8221; css=&#8221;.vc_custom_1618324903030{padding-top: 60px !important;padding-right: 17% !important;padding-bottom: 30px !important;padding-left: 17% !important;}&#8221;][vc_column_text] CONTACT US Feel free to contact us with any questions and one of our colleagues will contact you [&hellip;]<\/p>\n","protected":false},"author":2,"featured_media":0,"parent":1789,"menu_order":0,"comment_status":"closed","ping_status":"closed","template":"","meta":{"_acf_changed":false,"footnotes":""},"class_list":["post-1886","page","type-page","status-publish","hentry"],"acf":[],"yoast_head":"<!-- This site is optimized with the Yoast SEO plugin v27.5 - https:\/\/yoast.com\/product\/yoast-seo-wordpress\/ -->\n<title>Corporate law - Ceachir, Zamfir &amp; Partenerii<\/title>\n<meta name=\"description\" content=\"arestul\/re\u021binerea de c\u0103tre organele de urm\u0103rire penal\u0103\uf0b7 perchezi\u021bii, audieri, aplicarea m\u0103surilor speciale de investiga\u021bie\uf0b7 dosarele penale \u00een instan\u021bele na\u021bionale (fond, apel, recurs, recurs \u00een interesul legii,revizuire)\uf0b7 executarea pedepselor penale\uf0b7 pl\u00e2ngeri la Curtea European\u0103 pentru Drepturile Omului\uf0b7 protec\u021bia victimelor infrac\u021biunii\uf0b7 pl\u00e2ngeri \u00eempotriva ac\u021biunilor ilegale ale organului de urm\u0103rire penal\u0103 \u0219i a procurorului\" \/>\n<meta name=\"robots\" content=\"index, follow, max-snippet:-1, max-image-preview:large, max-video-preview:-1\" \/>\n<link rel=\"canonical\" href=\"https:\/\/avocatczp.md\/en\/services\/corporate-law\/\" \/>\n<meta property=\"og:locale\" content=\"en_US\" \/>\n<meta property=\"og:type\" content=\"article\" \/>\n<meta property=\"og:title\" content=\"Corporate law - Ceachir, Zamfir &amp; Partenerii\" \/>\n<meta property=\"og:description\" content=\"arestul\/re\u021binerea de c\u0103tre organele de urm\u0103rire penal\u0103\uf0b7 perchezi\u021bii, audieri, aplicarea m\u0103surilor speciale de investiga\u021bie\uf0b7 dosarele penale \u00een instan\u021bele na\u021bionale (fond, apel, recurs, recurs \u00een interesul legii,revizuire)\uf0b7 executarea pedepselor penale\uf0b7 pl\u00e2ngeri la Curtea European\u0103 pentru Drepturile Omului\uf0b7 protec\u021bia victimelor infrac\u021biunii\uf0b7 pl\u00e2ngeri \u00eempotriva ac\u021biunilor ilegale ale organului de urm\u0103rire penal\u0103 \u0219i a procurorului\" \/>\n<meta property=\"og:url\" content=\"https:\/\/avocatczp.md\/en\/services\/corporate-law\/\" \/>\n<meta property=\"og:site_name\" content=\"Ceachir, Zamfir &amp; Partenerii\" \/>\n<meta property=\"article:modified_time\" content=\"2021-04-29T15:52:49+00:00\" \/>\n<meta property=\"og:image\" content=\"https:\/\/avocatczp.md\/wp-content\/uploads\/2021\/06\/screen-fb-1024x655.png\" \/>\n\t<meta property=\"og:image:width\" content=\"1024\" \/>\n\t<meta property=\"og:image:height\" content=\"655\" \/>\n\t<meta property=\"og:image:type\" content=\"image\/png\" \/>\n<meta name=\"twitter:card\" content=\"summary_large_image\" \/>\n<meta name=\"twitter:label1\" content=\"Est. reading time\" \/>\n\t<meta name=\"twitter:data1\" content=\"1 minute\" \/>\n<script type=\"application\/ld+json\" class=\"yoast-schema-graph\">{\"@context\":\"https:\\\/\\\/schema.org\",\"@graph\":[{\"@type\":\"WebPage\",\"@id\":\"https:\\\/\\\/avocatczp.md\\\/en\\\/services\\\/corporate-law\\\/\",\"url\":\"https:\\\/\\\/avocatczp.md\\\/en\\\/services\\\/corporate-law\\\/\",\"name\":\"Corporate law - Ceachir, Zamfir &amp; Partenerii\",\"isPartOf\":{\"@id\":\"https:\\\/\\\/avocatczp.md\\\/ru\\\/#website\"},\"datePublished\":\"2021-04-27T18:48:42+00:00\",\"dateModified\":\"2021-04-29T15:52:49+00:00\",\"description\":\"arestul\\\/re\u021binerea de c\u0103tre organele de urm\u0103rire penal\u0103\uf0b7 perchezi\u021bii, audieri, aplicarea m\u0103surilor speciale de investiga\u021bie\uf0b7 dosarele penale \u00een instan\u021bele na\u021bionale (fond, apel, recurs, recurs \u00een interesul legii,revizuire)\uf0b7 executarea pedepselor penale\uf0b7 pl\u00e2ngeri la Curtea European\u0103 pentru Drepturile Omului\uf0b7 protec\u021bia victimelor infrac\u021biunii\uf0b7 pl\u00e2ngeri \u00eempotriva ac\u021biunilor ilegale ale organului de urm\u0103rire penal\u0103 \u0219i a procurorului\",\"breadcrumb\":{\"@id\":\"https:\\\/\\\/avocatczp.md\\\/en\\\/services\\\/corporate-law\\\/#breadcrumb\"},\"inLanguage\":\"en-US\",\"potentialAction\":[{\"@type\":\"ReadAction\",\"target\":[\"https:\\\/\\\/avocatczp.md\\\/en\\\/services\\\/corporate-law\\\/\"]}]},{\"@type\":\"BreadcrumbList\",\"@id\":\"https:\\\/\\\/avocatczp.md\\\/en\\\/services\\\/corporate-law\\\/#breadcrumb\",\"itemListElement\":[{\"@type\":\"ListItem\",\"position\":1,\"name\":\"Prima pagin\u0103\",\"item\":\"https:\\\/\\\/avocatczp.md\\\/en\\\/\"},{\"@type\":\"ListItem\",\"position\":2,\"name\":\"Services\",\"item\":\"https:\\\/\\\/avocatczp.md\\\/en\\\/services\\\/\"},{\"@type\":\"ListItem\",\"position\":3,\"name\":\"Corporate law\"}]},{\"@type\":\"WebSite\",\"@id\":\"https:\\\/\\\/avocatczp.md\\\/ru\\\/#website\",\"url\":\"https:\\\/\\\/avocatczp.md\\\/ru\\\/\",\"name\":\"Ceachir, Zamfir &amp; Partenerii\",\"description\":\"BIROUL ASOCIAT DE AVOCA\u021aI\",\"potentialAction\":[{\"@type\":\"SearchAction\",\"target\":{\"@type\":\"EntryPoint\",\"urlTemplate\":\"https:\\\/\\\/avocatczp.md\\\/ru\\\/?s={search_term_string}\"},\"query-input\":{\"@type\":\"PropertyValueSpecification\",\"valueRequired\":true,\"valueName\":\"search_term_string\"}}],\"inLanguage\":\"en-US\"}]}<\/script>\n<!-- \/ Yoast SEO plugin. -->","yoast_head_json":{"title":"Corporate law - Ceachir, Zamfir &amp; Partenerii","description":"arestul\/re\u021binerea de c\u0103tre organele de urm\u0103rire penal\u0103\uf0b7 perchezi\u021bii, audieri, aplicarea m\u0103surilor speciale de investiga\u021bie\uf0b7 dosarele penale \u00een instan\u021bele na\u021bionale (fond, apel, recurs, recurs \u00een interesul legii,revizuire)\uf0b7 executarea pedepselor penale\uf0b7 pl\u00e2ngeri la Curtea European\u0103 pentru Drepturile Omului\uf0b7 protec\u021bia victimelor infrac\u021biunii\uf0b7 pl\u00e2ngeri \u00eempotriva ac\u021biunilor ilegale ale organului de urm\u0103rire penal\u0103 \u0219i a procurorului","robots":{"index":"index","follow":"follow","max-snippet":"max-snippet:-1","max-image-preview":"max-image-preview:large","max-video-preview":"max-video-preview:-1"},"canonical":"https:\/\/avocatczp.md\/en\/services\/corporate-law\/","og_locale":"en_US","og_type":"article","og_title":"Corporate law - Ceachir, Zamfir &amp; Partenerii","og_description":"arestul\/re\u021binerea de c\u0103tre organele de urm\u0103rire penal\u0103\uf0b7 perchezi\u021bii, audieri, aplicarea m\u0103surilor speciale de investiga\u021bie\uf0b7 dosarele penale \u00een instan\u021bele na\u021bionale (fond, apel, recurs, recurs \u00een interesul legii,revizuire)\uf0b7 executarea pedepselor penale\uf0b7 pl\u00e2ngeri la Curtea European\u0103 pentru Drepturile Omului\uf0b7 protec\u021bia victimelor infrac\u021biunii\uf0b7 pl\u00e2ngeri \u00eempotriva ac\u021biunilor ilegale ale organului de urm\u0103rire penal\u0103 \u0219i a procurorului","og_url":"https:\/\/avocatczp.md\/en\/services\/corporate-law\/","og_site_name":"Ceachir, Zamfir &amp; Partenerii","article_modified_time":"2021-04-29T15:52:49+00:00","og_image":[{"width":1024,"height":655,"url":"https:\/\/avocatczp.md\/wp-content\/uploads\/2021\/06\/screen-fb-1024x655.png","type":"image\/png"}],"twitter_card":"summary_large_image","twitter_misc":{"Est. reading time":"1 minute"},"schema":{"@context":"https:\/\/schema.org","@graph":[{"@type":"WebPage","@id":"https:\/\/avocatczp.md\/en\/services\/corporate-law\/","url":"https:\/\/avocatczp.md\/en\/services\/corporate-law\/","name":"Corporate law - Ceachir, Zamfir &amp; Partenerii","isPartOf":{"@id":"https:\/\/avocatczp.md\/ru\/#website"},"datePublished":"2021-04-27T18:48:42+00:00","dateModified":"2021-04-29T15:52:49+00:00","description":"arestul\/re\u021binerea de c\u0103tre organele de urm\u0103rire penal\u0103\uf0b7 perchezi\u021bii, audieri, aplicarea m\u0103surilor speciale de investiga\u021bie\uf0b7 dosarele penale \u00een instan\u021bele na\u021bionale (fond, apel, recurs, recurs \u00een interesul legii,revizuire)\uf0b7 executarea pedepselor penale\uf0b7 pl\u00e2ngeri la Curtea European\u0103 pentru Drepturile Omului\uf0b7 protec\u021bia victimelor infrac\u021biunii\uf0b7 pl\u00e2ngeri \u00eempotriva ac\u021biunilor ilegale ale organului de urm\u0103rire penal\u0103 \u0219i a procurorului","breadcrumb":{"@id":"https:\/\/avocatczp.md\/en\/services\/corporate-law\/#breadcrumb"},"inLanguage":"en-US","potentialAction":[{"@type":"ReadAction","target":["https:\/\/avocatczp.md\/en\/services\/corporate-law\/"]}]},{"@type":"BreadcrumbList","@id":"https:\/\/avocatczp.md\/en\/services\/corporate-law\/#breadcrumb","itemListElement":[{"@type":"ListItem","position":1,"name":"Prima pagin\u0103","item":"https:\/\/avocatczp.md\/en\/"},{"@type":"ListItem","position":2,"name":"Services","item":"https:\/\/avocatczp.md\/en\/services\/"},{"@type":"ListItem","position":3,"name":"Corporate law"}]},{"@type":"WebSite","@id":"https:\/\/avocatczp.md\/ru\/#website","url":"https:\/\/avocatczp.md\/ru\/","name":"Ceachir, Zamfir &amp; Partenerii","description":"BIROUL ASOCIAT DE AVOCA\u021aI","potentialAction":[{"@type":"SearchAction","target":{"@type":"EntryPoint","urlTemplate":"https:\/\/avocatczp.md\/ru\/?s={search_term_string}"},"query-input":{"@type":"PropertyValueSpecification","valueRequired":true,"valueName":"search_term_string"}}],"inLanguage":"en-US"}]}},"_links":{"self":[{"href":"https:\/\/avocatczp.md\/en\/wp-json\/wp\/v2\/pages\/1886","targetHints":{"allow":["GET"]}}],"collection":[{"href":"https:\/\/avocatczp.md\/en\/wp-json\/wp\/v2\/pages"}],"about":[{"href":"https:\/\/avocatczp.md\/en\/wp-json\/wp\/v2\/types\/page"}],"author":[{"embeddable":true,"href":"https:\/\/avocatczp.md\/en\/wp-json\/wp\/v2\/users\/2"}],"replies":[{"embeddable":true,"href":"https:\/\/avocatczp.md\/en\/wp-json\/wp\/v2\/comments?post=1886"}],"version-history":[{"count":2,"href":"https:\/\/avocatczp.md\/en\/wp-json\/wp\/v2\/pages\/1886\/revisions"}],"predecessor-version":[{"id":1893,"href":"https:\/\/avocatczp.md\/en\/wp-json\/wp\/v2\/pages\/1886\/revisions\/1893"}],"up":[{"embeddable":true,"href":"https:\/\/avocatczp.md\/en\/wp-json\/wp\/v2\/pages\/1789"}],"wp:attachment":[{"href":"https:\/\/avocatczp.md\/en\/wp-json\/wp\/v2\/media?parent=1886"}],"curies":[{"name":"wp","href":"https:\/\/api.w.org\/{rel}","templated":true}]}}